{"id":69,"date":"2019-04-28T12:30:20","date_gmt":"2019-04-28T10:30:20","guid":{"rendered":"http:\/\/www.cte76.com\/?page_id=69"},"modified":"2025-07-22T17:04:27","modified_gmt":"2025-07-22T15:04:27","slug":"demenagement","status":"publish","type":"page","link":"https:\/\/www.cte76.com\/index.php\/demenagement\/","title":{"rendered":"DEMENAGEMENT"},"content":{"rendered":"\t\t<div data-elementor-type=\"wp-post\" data-elementor-id=\"69\" class=\"elementor elementor-69\">\n\t\t\t\t\t\t<section class=\"elementor-section elementor-top-section elementor-element elementor-element-ec5963b elementor-section-boxed elementor-section-height-default elementor-section-height-default\" data-id=\"ec5963b\" data-element_type=\"section\" data-e-type=\"section\">\n\t\t\t\t\t\t<div class=\"elementor-container elementor-column-gap-default\">\n\t\t\t\t\t<div class=\"elementor-column elementor-col-100 elementor-top-column elementor-element elementor-element-392abdb\" data-id=\"392abdb\" data-element_type=\"column\" data-e-type=\"column\">\n\t\t\t<div class=\"elementor-widget-wrap elementor-element-populated\">\n\t\t\t\t\t\t<div class=\"elementor-element elementor-element-3e9f317 elementor-widget elementor-widget-spacer\" data-id=\"3e9f317\" data-element_type=\"widget\" data-e-type=\"widget\" data-widget_type=\"spacer.default\">\n\t\t\t\t<div class=\"elementor-widget-container\">\n\t\t\t\t\t\t\t<div class=\"elementor-spacer\">\n\t\t\t<div class=\"elementor-spacer-inner\"><\/div>\n\t\t<\/div>\n\t\t\t\t\t\t<\/div>\n\t\t\t\t<\/div>\n\t\t\t\t\t<\/div>\n\t\t<\/div>\n\t\t\t\t\t<\/div>\n\t\t<\/section>\n\t\t\t\t<section class=\"elementor-section elementor-top-section elementor-element elementor-element-c91d698 elementor-section-boxed elementor-section-height-default elementor-section-height-default\" data-id=\"c91d698\" data-element_type=\"section\" data-e-type=\"section\">\n\t\t\t\t\t\t<div class=\"elementor-container elementor-column-gap-default\">\n\t\t\t\t\t<div class=\"elementor-column elementor-col-100 elementor-top-column elementor-element elementor-element-57f5385\" data-id=\"57f5385\" data-element_type=\"column\" data-e-type=\"column\">\n\t\t\t<div class=\"elementor-widget-wrap elementor-element-populated\">\n\t\t\t\t\t\t<div class=\"elementor-element elementor-element-3d3b0f7 elementor-widget elementor-widget-heading\" data-id=\"3d3b0f7\" data-element_type=\"widget\" data-e-type=\"widget\" data-widget_type=\"heading.default\">\n\t\t\t\t<div class=\"elementor-widget-container\">\n\t\t\t\t\t<h3 class=\"elementor-heading-title elementor-size-default\"><span style=\"color:red;font-family: roboto\"><strong>service DEMENAGEMENT<\/strong><\/span><\/h3>\t\t\t\t<\/div>\n\t\t\t\t<\/div>\n\t\t\t\t\t<\/div>\n\t\t<\/div>\n\t\t\t\t\t<\/div>\n\t\t<\/section>\n\t\t\t\t<section class=\"elementor-section elementor-top-section elementor-element elementor-element-9193fcf elementor-section-boxed elementor-section-height-default elementor-section-height-default\" data-id=\"9193fcf\" data-element_type=\"section\" data-e-type=\"section\">\n\t\t\t\t\t\t<div class=\"elementor-container elementor-column-gap-default\">\n\t\t\t\t\t<div class=\"elementor-column elementor-col-100 elementor-top-column elementor-element elementor-element-4513e78\" data-id=\"4513e78\" data-element_type=\"column\" data-e-type=\"column\">\n\t\t\t<div class=\"elementor-widget-wrap elementor-element-populated\">\n\t\t\t\t\t\t<div class=\"elementor-element elementor-element-7ad5ed4 elementor-widget elementor-widget-spacer\" data-id=\"7ad5ed4\" data-element_type=\"widget\" data-e-type=\"widget\" data-widget_type=\"spacer.default\">\n\t\t\t\t<div class=\"elementor-widget-container\">\n\t\t\t\t\t\t\t<div class=\"elementor-spacer\">\n\t\t\t<div class=\"elementor-spacer-inner\"><\/div>\n\t\t<\/div>\n\t\t\t\t\t\t<\/div>\n\t\t\t\t<\/div>\n\t\t\t\t\t<\/div>\n\t\t<\/div>\n\t\t\t\t\t<\/div>\n\t\t<\/section>\n\t\t\t\t<section class=\"elementor-section elementor-top-section elementor-element elementor-element-f13b714 elementor-section-boxed elementor-section-height-default elementor-section-height-default\" data-id=\"f13b714\" data-element_type=\"section\" data-e-type=\"section\">\n\t\t\t\t\t\t<div class=\"elementor-container elementor-column-gap-default\">\n\t\t\t\t\t<div class=\"elementor-column elementor-col-50 elementor-top-column elementor-element elementor-element-4eb20a8\" data-id=\"4eb20a8\" data-element_type=\"column\" data-e-type=\"column\">\n\t\t\t<div class=\"elementor-widget-wrap elementor-element-populated\">\n\t\t\t\t\t\t<div class=\"elementor-element elementor-element-e638f00 elementor-widget elementor-widget-image\" data-id=\"e638f00\" data-element_type=\"widget\" data-e-type=\"widget\" data-widget_type=\"image.default\">\n\t\t\t\t<div class=\"elementor-widget-container\">\n\t\t\t\t\t\t\t\t\t\t\t\t\t\t\t<img fetchpriority=\"high\" decoding=\"async\" width=\"305\" height=\"180\" src=\"https:\/\/www.cte76.com\/wp-content\/uploads\/2023\/10\/DEMENAGEMENT-6.jpg\" class=\"attachment-medium_large size-medium_large wp-image-778\" alt=\"\" srcset=\"https:\/\/www.cte76.com\/wp-content\/uploads\/2023\/10\/DEMENAGEMENT-6.jpg 305w, https:\/\/www.cte76.com\/wp-content\/uploads\/2023\/10\/DEMENAGEMENT-6-300x177.jpg 300w\" sizes=\"(max-width: 305px) 100vw, 305px\" \/>\t\t\t\t\t\t\t\t\t\t\t\t\t\t\t<\/div>\n\t\t\t\t<\/div>\n\t\t\t\t\t<\/div>\n\t\t<\/div>\n\t\t\t\t<div class=\"elementor-column elementor-col-50 elementor-top-column elementor-element elementor-element-1e6994e\" data-id=\"1e6994e\" data-element_type=\"column\" data-e-type=\"column\">\n\t\t\t<div class=\"elementor-widget-wrap elementor-element-populated\">\n\t\t\t\t\t\t<div class=\"elementor-element elementor-element-859c1e2 elementor-widget elementor-widget-image\" data-id=\"859c1e2\" data-element_type=\"widget\" data-e-type=\"widget\" data-widget_type=\"image.default\">\n\t\t\t\t<div class=\"elementor-widget-container\">\n\t\t\t\t\t\t\t\t\t\t\t\t\t\t\t<img decoding=\"async\" width=\"320\" height=\"174\" src=\"https:\/\/www.cte76.com\/wp-content\/uploads\/2023\/10\/DEMENAGEMENT-2.jpg\" class=\"attachment-medium_large size-medium_large wp-image-779\" alt=\"\" srcset=\"https:\/\/www.cte76.com\/wp-content\/uploads\/2023\/10\/DEMENAGEMENT-2.jpg 320w, https:\/\/www.cte76.com\/wp-content\/uploads\/2023\/10\/DEMENAGEMENT-2-300x163.jpg 300w\" sizes=\"(max-width: 320px) 100vw, 320px\" \/>\t\t\t\t\t\t\t\t\t\t\t\t\t\t\t<\/div>\n\t\t\t\t<\/div>\n\t\t\t\t\t<\/div>\n\t\t<\/div>\n\t\t\t\t\t<\/div>\n\t\t<\/section>\n\t\t\t\t<section class=\"elementor-section elementor-top-section elementor-element elementor-element-81a1074 elementor-section-boxed elementor-section-height-default elementor-section-height-default\" data-id=\"81a1074\" data-element_type=\"section\" data-e-type=\"section\">\n\t\t\t\t\t\t<div class=\"elementor-container elementor-column-gap-default\">\n\t\t\t\t\t<div class=\"elementor-column elementor-col-100 elementor-top-column elementor-element elementor-element-3ef87d8\" data-id=\"3ef87d8\" data-element_type=\"column\" data-e-type=\"column\">\n\t\t\t<div class=\"elementor-widget-wrap elementor-element-populated\">\n\t\t\t\t\t\t<div class=\"elementor-element elementor-element-e2c2ef0 elementor-widget elementor-widget-spacer\" data-id=\"e2c2ef0\" data-element_type=\"widget\" data-e-type=\"widget\" data-widget_type=\"spacer.default\">\n\t\t\t\t<div class=\"elementor-widget-container\">\n\t\t\t\t\t\t\t<div class=\"elementor-spacer\">\n\t\t\t<div class=\"elementor-spacer-inner\"><\/div>\n\t\t<\/div>\n\t\t\t\t\t\t<\/div>\n\t\t\t\t<\/div>\n\t\t\t\t\t<\/div>\n\t\t<\/div>\n\t\t\t\t\t<\/div>\n\t\t<\/section>\n\t\t\t\t<section class=\"elementor-section elementor-top-section elementor-element elementor-element-46afca5 elementor-section-boxed elementor-section-height-default elementor-section-height-default\" data-id=\"46afca5\" data-element_type=\"section\" data-e-type=\"section\">\n\t\t\t\t\t\t<div class=\"elementor-container elementor-column-gap-default\">\n\t\t\t\t\t<div class=\"elementor-column elementor-col-100 elementor-top-column elementor-element elementor-element-f383943\" data-id=\"f383943\" data-element_type=\"column\" data-e-type=\"column\">\n\t\t\t<div class=\"elementor-widget-wrap elementor-element-populated\">\n\t\t\t\t\t\t<div class=\"elementor-element elementor-element-10f208c elementor-widget elementor-widget-text-editor\" data-id=\"10f208c\" data-element_type=\"widget\" data-e-type=\"widget\" data-widget_type=\"text-editor.default\">\n\t\t\t\t<div class=\"elementor-widget-container\">\n\t\t\t\t\t\t\t\t\t<p style=\"text-align: left; font-size: 15px; margin-left: 3%; margin-right: 3%; line-height: 30px; font-family: roboto;\">Vous avez un projet de d\u00e9m\u00e9nagement et vous ne savez pas comment faire pour le r\u00e9ussir. Il suffit de nous appeler au <span style=\"color: #ff0000; font-weight: bold;\">09 81 09 64\u00a021<\/span>\n<span style=\"color: #000000;\">ou de nous envoyer un message au<\/span> <span style=\"color: #ff0000;\"><strong>ctetrans76@gmail.com<\/strong><\/span> <span style=\"color: #000000;\">pour vous proposer la solution la plus adapt\u00e9e \u00e0 votre demande et\u00a0<\/span>\n<span style=\"color: #000000;\">\u00e0\u00a0<\/span><span style=\"color: #000000;\">votre budget. Une fois un accord est trouv\u00e9, nous mettrons en place tout le n\u00e9cessaire pour assurer un service de qualit\u00e9 dans\u00a0<\/span>\n<span style=\"color: #000000;\">les\u00a0<\/span><span style=\"color: #000000;\">meilleurs d\u00e9lais.<\/span><\/p>\t\t\t\t\t\t\t\t<\/div>\n\t\t\t\t<\/div>\n\t\t\t\t\t<\/div>\n\t\t<\/div>\n\t\t\t\t\t<\/div>\n\t\t<\/section>\n\t\t\t\t<section class=\"elementor-section elementor-top-section elementor-element elementor-element-8d6ff89 elementor-section-boxed elementor-section-height-default elementor-section-height-default\" data-id=\"8d6ff89\" data-element_type=\"section\" data-e-type=\"section\">\n\t\t\t\t\t\t<div class=\"elementor-container elementor-column-gap-default\">\n\t\t\t\t\t<div class=\"elementor-column elementor-col-100 elementor-top-column elementor-element elementor-element-d3bd713\" data-id=\"d3bd713\" data-element_type=\"column\" data-e-type=\"column\">\n\t\t\t<div class=\"elementor-widget-wrap elementor-element-populated\">\n\t\t\t\t\t\t<div class=\"elementor-element elementor-element-b9645a2 elementor-widget elementor-widget-spacer\" data-id=\"b9645a2\" data-element_type=\"widget\" data-e-type=\"widget\" data-widget_type=\"spacer.default\">\n\t\t\t\t<div class=\"elementor-widget-container\">\n\t\t\t\t\t\t\t<div class=\"elementor-spacer\">\n\t\t\t<div class=\"elementor-spacer-inner\"><\/div>\n\t\t<\/div>\n\t\t\t\t\t\t<\/div>\n\t\t\t\t<\/div>\n\t\t\t\t\t<\/div>\n\t\t<\/div>\n\t\t\t\t\t<\/div>\n\t\t<\/section>\n\t\t\t\t<\/div>\n\t\t","protected":false},"excerpt":{"rendered":"<p>service DEMENAGEMENT Vous avez un projet de d\u00e9m\u00e9nagement et vous ne savez pas comment faire pour le r\u00e9ussir. Il suffit de nous appeler au 09 81 09 64\u00a021 ou de nous envoyer un message au ctetrans76@gmail.com pour vous proposer la solution la plus adapt\u00e9e \u00e0 votre demande et\u00a0 \u00e0\u00a0votre budget. Une fois un accord est [&hellip;]<\/p>\n","protected":false},"author":1,"featured_media":0,"parent":0,"menu_order":0,"comment_status":"closed","ping_status":"closed","template":"","meta":{"_regular_price":[],"currency_symbol":[],"footnotes":""},"class_list":["post-69","page","type-page","status-publish","hentry"],"post_slider_layout_featured_media_urls":{"thumbnail":"","post_slider_layout_landscape_large":"","post_slider_layout_portrait_large":"","post_slider_layout_square_large":"","post_slider_layout_landscape":"","post_slider_layout_portrait":"","post_slider_layout_square":"","full":""},"_links":{"self":[{"href":"https:\/\/www.cte76.com\/index.php\/wp-json\/wp\/v2\/pages\/69","targetHints":{"allow":["GET"]}}],"collection":[{"href":"https:\/\/www.cte76.com\/index.php\/wp-json\/wp\/v2\/pages"}],"about":[{"href":"https:\/\/www.cte76.com\/index.php\/wp-json\/wp\/v2\/types\/page"}],"author":[{"embeddable":true,"href":"https:\/\/www.cte76.com\/index.php\/wp-json\/wp\/v2\/users\/1"}],"replies":[{"embeddable":true,"href":"https:\/\/www.cte76.com\/index.php\/wp-json\/wp\/v2\/comments?post=69"}],"version-history":[{"count":55,"href":"https:\/\/www.cte76.com\/index.php\/wp-json\/wp\/v2\/pages\/69\/revisions"}],"predecessor-version":[{"id":1254,"href":"https:\/\/www.cte76.com\/index.php\/wp-json\/wp\/v2\/pages\/69\/revisions\/1254"}],"wp:attachment":[{"href":"https:\/\/www.cte76.com\/index.php\/wp-json\/wp\/v2\/media?parent=69"}],"curies":[{"name":"wp","href":"https:\/\/api.w.org\/{rel}","templated":true}]}}